{"id":13,"date":"2023-05-06T14:32:51","date_gmt":"2023-05-06T14:32:51","guid":{"rendered":"https:\/\/www.condominiosonhodourado.com.br\/novosite\/contact-us\/"},"modified":"2023-05-06T17:01:54","modified_gmt":"2023-05-06T17:01:54","slug":"contact-us","status":"publish","type":"page","link":"https:\/\/www.condominiosonhodourado.com.br\/novosite\/contact-us\/","title":{"rendered":"Fale com o S\u00edndico!"},"content":{"rendered":"<p><style>\/*! elementor - v3.12.2 - 23-04-2023 *\/<br \/>\n.elementor-heading-title{padding:0;margin:0;line-height:1}.elementor-widget-heading .elementor-heading-title[class*=elementor-size-]>a{color:inherit;font-size:inherit;line-height:inherit}.elementor-widget-heading .elementor-heading-title.elementor-size-small{font-size:15px}.elementor-widget-heading .elementor-heading-title.elementor-size-medium{font-size:19px}.elementor-widget-heading .elementor-heading-title.elementor-size-large{font-size:29px}.elementor-widget-heading .elementor-heading-title.elementor-size-xl{font-size:39px}.elementor-widget-heading .elementor-heading-title.elementor-size-xxl{font-size:59px}<\/style>\n<\/p>\n<h1>Contato<\/h1>\n<p>Ligue para n\u00f3s ou envie-nos um e-mail.<\/p>\n<ul>\n<li><b>Endere\u00e7o:<\/b> Av. Dr. Nilo Pe\u00e7anha 614 (fundos, Parque Santo Amaro), Campos dos Goytacazes, RJ, 28030-035 \u00b7 ~6 km<\/li>\n<li><b>Hor\u00e1rio de Funcionamento:<\/b> 8.00 a.m. &#8211; 17.00 p.m. Segunda &#8211; Sexta<\/li>\n<li><b>Telefone:<\/b> (22) 2732-5045<\/li>\n<li><b>E-mail: admin@condominiosonhodourado.com.br<\/b><\/li>\n<\/ul>\n\n<style id=\"wpforms-css-vars-root\">\n\t\t\t\t:root {\n\t\t\t\t\t--wpforms-field-border-radius: 3px;\n--wpforms-field-border-style: solid;\n--wpforms-field-border-size: 1px;\n--wpforms-field-background-color: #ffffff;\n--wpforms-field-border-color: rgba( 0, 0, 0, 0.25 );\n--wpforms-field-border-color-spare: rgba( 0, 0, 0, 0.25 );\n--wpforms-field-text-color: rgba( 0, 0, 0, 0.7 );\n--wpforms-field-menu-color: #ffffff;\n--wpforms-label-color: rgba( 0, 0, 0, 0.85 );\n--wpforms-label-sublabel-color: rgba( 0, 0, 0, 0.55 );\n--wpforms-label-error-color: #d63637;\n--wpforms-button-border-radius: 3px;\n--wpforms-button-border-style: none;\n--wpforms-button-border-size: 1px;\n--wpforms-button-background-color: #066aab;\n--wpforms-button-border-color: #066aab;\n--wpforms-button-text-color: #ffffff;\n--wpforms-page-break-color: #066aab;\n--wpforms-background-image: none;\n--wpforms-background-position: center center;\n--wpforms-background-repeat: no-repeat;\n--wpforms-background-size: cover;\n--wpforms-background-width: 100px;\n--wpforms-background-height: 100px;\n--wpforms-background-color: rgba( 0, 0, 0, 0 );\n--wpforms-background-url: none;\n--wpforms-container-padding: 0px;\n--wpforms-container-border-style: none;\n--wpforms-container-border-width: 1px;\n--wpforms-container-border-color: #000000;\n--wpforms-container-border-radius: 3px;\n--wpforms-field-size-input-height: 43px;\n--wpforms-field-size-input-spacing: 15px;\n--wpforms-field-size-font-size: 16px;\n--wpforms-field-size-line-height: 19px;\n--wpforms-field-size-padding-h: 14px;\n--wpforms-field-size-checkbox-size: 16px;\n--wpforms-field-size-sublabel-spacing: 5px;\n--wpforms-field-size-icon-size: 1;\n--wpforms-label-size-font-size: 16px;\n--wpforms-label-size-line-height: 19px;\n--wpforms-label-size-sublabel-font-size: 14px;\n--wpforms-label-size-sublabel-line-height: 17px;\n--wpforms-button-size-font-size: 17px;\n--wpforms-button-size-height: 41px;\n--wpforms-button-size-padding-h: 15px;\n--wpforms-button-size-margin-top: 10px;\n--wpforms-container-shadow-size-box-shadow: none;\n\n\t\t\t\t}\n\t\t\t<\/style><div class=\"wpforms-container wpforms-container-full wpforms-block wpforms-block-2c4dd397-4f0b-4e30-a01a-f02a334d8c65 wpforms-render-modern\" id=\"wpforms-127\"><form id=\"wpforms-form-127\" class=\"wpforms-validate wpforms-form wpforms-ajax-form\" data-formid=\"127\" method=\"post\" enctype=\"multipart\/form-data\" action=\"\/novosite\/wp-json\/wp\/v2\/pages\/13\" data-token=\"683599c15ad907422fe1318a3cd4896e\" data-token-time=\"1775349901\"><noscript class=\"wpforms-error-noscript\">Please enable JavaScript in your browser to complete this form.<\/noscript><div class=\"wpforms-hidden\" id=\"wpforms-error-noscript\">Please enable JavaScript in your browser to complete this form.<\/div><div class=\"wpforms-field-container\"><div id=\"wpforms-127-field_0-container\" class=\"wpforms-field wpforms-field-name\" data-field-id=\"0\"><label class=\"wpforms-field-label\" for=\"wpforms-127-field_0\">Nome <span class=\"wpforms-required-label\" aria-hidden=\"true\">*<\/span><\/label><input type=\"text\" id=\"wpforms-127-field_0\" class=\"wpforms-field-medium wpforms-field-required\" name=\"wpforms[fields][0]\" aria-errormessage=\"wpforms-127-field_0-error\" required><\/div><div id=\"wpforms-127-field_1-container\" class=\"wpforms-field wpforms-field-email\" data-field-id=\"1\"><label class=\"wpforms-field-label\" for=\"wpforms-127-field_1\">Email <span class=\"wpforms-required-label\" aria-hidden=\"true\">*<\/span><\/label><input type=\"email\" id=\"wpforms-127-field_1\" class=\"wpforms-field-medium wpforms-field-required\" name=\"wpforms[fields][1]\" spellcheck=\"false\" aria-errormessage=\"wpforms-127-field_1-error\" required><\/div><div id=\"wpforms-127-field_2-container\" class=\"wpforms-field wpforms-field-textarea\" data-field-id=\"2\"><label class=\"wpforms-field-label\" for=\"wpforms-127-field_2\">Mensagem<\/label><textarea id=\"wpforms-127-field_2\" class=\"wpforms-field-small\" name=\"wpforms[fields][2]\" aria-errormessage=\"wpforms-127-field_2-error\" ><\/textarea><\/div><\/div><!-- .wpforms-field-container --><div class=\"wpforms-submit-container\" ><input type=\"hidden\" name=\"wpforms[id]\" value=\"127\"><input type=\"hidden\" name=\"page_title\" value=\"\"><input type=\"hidden\" name=\"page_url\" value=\"https:\/\/www.condominiosonhodourado.com.br\/novosite\/wp-json\/wp\/v2\/pages\/13\"><button type=\"submit\" name=\"wpforms[submit]\" id=\"wpforms-submit-127\" class=\"wpforms-submit\" data-alt-text=\"Enviando...\" data-submit-text=\"Enviar\" aria-live=\"assertive\" value=\"wpforms-submit\">Enviar<\/button><img loading=\"lazy\" decoding=\"async\" src=\"https:\/\/www.condominiosonhodourado.com.br\/novosite\/wp-content\/plugins\/wpforms-lite\/assets\/images\/submit-spin.svg\" class=\"wpforms-submit-spinner\" style=\"display: none;\" width=\"26\" height=\"26\" alt=\"Loading\"><\/div><\/form><\/div>  <!-- .wpforms-container -->","protected":false},"excerpt":{"rendered":"<p>Contato Ligue para n\u00f3s ou envie-nos um e-mail. Endere\u00e7o: Av. Dr. Nilo Pe\u00e7anha 614 (fundos, Parque Santo Amaro), Campos dos Goytacazes, RJ, 28030-035 \u00b7 ~6 km Hor\u00e1rio de Funcionamento: 8.00 a.m. &#8211; 17.00 p.m. Segunda &#8211; Sexta Telefone: (22) 2732-5045 E-mail: admin@condominiosonhodourado.com.br<\/p>\n","protected":false},"author":1,"featured_media":0,"parent":0,"menu_order":0,"comment_status":"closed","ping_status":"closed","template":"","meta":{"_uag_custom_page_level_css":"","footnotes":""},"class_list":["post-13","page","type-page","status-publish","hentry"],"uagb_featured_image_src":{"full":false,"thumbnail":false,"medium":false,"medium_large":false,"large":false,"RoboGalleryMansoryImagesCenter":false,"RoboGalleryMansoryImagesTop":false,"1536x1536":false,"2048x2048":false},"uagb_author_info":{"display_name":"condominiosonhodourado_22rrb1","author_link":"https:\/\/www.condominiosonhodourado.com.br\/novosite\/author\/condominiosonhodourado_22rrb1\/"},"uagb_comment_info":0,"uagb_excerpt":"Contato Ligue para n\u00f3s ou envie-nos um e-mail. Endere\u00e7o: Av. Dr. Nilo Pe\u00e7anha 614 (fundos, Parque Santo Amaro), Campos dos Goytacazes, RJ, 28030-035 \u00b7 ~6 km Hor\u00e1rio de Funcionamento: 8.00 a.m. &#8211; 17.00 p.m. Segunda &#8211; Sexta Telefone: (22) 2732-5045 E-mail: admin@condominiosonhodourado.com.br","_links":{"self":[{"href":"https:\/\/www.condominiosonhodourado.com.br\/novosite\/wp-json\/wp\/v2\/pages\/13","targetHints":{"allow":["GET"]}}],"collection":[{"href":"https:\/\/www.condominiosonhodourado.com.br\/novosite\/wp-json\/wp\/v2\/pages"}],"about":[{"href":"https:\/\/www.condominiosonhodourado.com.br\/novosite\/wp-json\/wp\/v2\/types\/page"}],"author":[{"embeddable":true,"href":"https:\/\/www.condominiosonhodourado.com.br\/novosite\/wp-json\/wp\/v2\/users\/1"}],"replies":[{"embeddable":true,"href":"https:\/\/www.condominiosonhodourado.com.br\/novosite\/wp-json\/wp\/v2\/comments?post=13"}],"version-history":[{"count":7,"href":"https:\/\/www.condominiosonhodourado.com.br\/novosite\/wp-json\/wp\/v2\/pages\/13\/revisions"}],"predecessor-version":[{"id":139,"href":"https:\/\/www.condominiosonhodourado.com.br\/novosite\/wp-json\/wp\/v2\/pages\/13\/revisions\/139"}],"wp:attachment":[{"href":"https:\/\/www.condominiosonhodourado.com.br\/novosite\/wp-json\/wp\/v2\/media?parent=13"}],"curies":[{"name":"wp","href":"https:\/\/api.w.org\/{rel}","templated":true}]}}